{"id":17061,"date":"2021-10-20T16:25:20","date_gmt":"2021-10-20T16:25:20","guid":{"rendered":"https:\/\/proskillsturkiye.com\/aws-2\/"},"modified":"2022-04-25T21:54:12","modified_gmt":"2022-04-25T21:54:12","slug":"google","status":"publish","type":"page","link":"https:\/\/proskillsturkiye.com\/tr\/google\/","title":{"rendered":"Google"},"content":{"rendered":"<div data-elementor-type=\"wp-page\" data-elementor-id=\"17061\" class=\"elementor elementor-17061\">\n\t\t\t\t\t\t\t\t\t<section class=\"elementor-section elementor-top-section elementor-element elementor-element-7b74022 elementor-section-boxed elementor-section-height-default elementor-section-height-default qodef-elementor-content-no\" data-id=\"7b74022\" data-element_type=\"section\">\n\t\t\t\t\t\t<div class=\"elementor-container elementor-column-gap-default\">\n\t\t\t\t\t<div class=\"elementor-column elementor-col-100 elementor-top-column elementor-element elementor-element-fcaad8f\" data-id=\"fcaad8f\" data-element_type=\"column\">\n\t\t\t<div class=\"elementor-widget-wrap elementor-element-populated\">\n\t\t\t\t\t\t\t\t<div class=\"elementor-element elementor-element-00b4548 elementor-widget elementor-widget-thorsten_core_portfolio_list\" data-id=\"00b4548\" data-element_type=\"widget\" data-widget_type=\"thorsten_core_portfolio_list.default\">\n\t\t\t\t<div class=\"elementor-widget-container\">\n\t\t\t<div class=\"qodef-shortcode qodef-m  qodef-portfolio-list qodef-item-layout--info-below qodef-custom-padding   qodef-pl-appear-animation--no qodef-grid qodef-layout--columns qodef-layout--no  qodef-gutter--normal qodef-col-num--3 qodef-item-layout--info-below qodef--no-bottom-space qodef-pagination--off qodef-responsive--predefined\" data-options=\"{&quot;plugin&quot;:&quot;thorsten_core&quot;,&quot;module&quot;:&quot;post-types\\\/portfolio\\\/shortcodes&quot;,&quot;shortcode&quot;:&quot;portfolio-list&quot;,&quot;post_type&quot;:&quot;portfolio-item&quot;,&quot;next_page&quot;:&quot;2&quot;,&quot;max_pages_num&quot;:2,&quot;behavior&quot;:&quot;columns&quot;,&quot;images_proportion&quot;:&quot;full&quot;,&quot;columns&quot;:&quot;3&quot;,&quot;columns_responsive&quot;:&quot;predefined&quot;,&quot;space&quot;:&quot;normal&quot;,&quot;orderby&quot;:&quot;date&quot;,&quot;order&quot;:&quot;DESC&quot;,&quot;additional_params&quot;:&quot;tax&quot;,&quot;tax&quot;:&quot;portfolio-category&quot;,&quot;tax_slug&quot;:&quot;Google&quot;,&quot;layout&quot;:&quot;info-below&quot;,&quot;hover_animation_info-follow&quot;:&quot;follow&quot;,&quot;title_tag&quot;:&quot;h4&quot;,&quot;custom_padding&quot;:&quot;no&quot;,&quot;custom_behavior&quot;:&quot;no&quot;,&quot;show_info_below_on_masonry_list&quot;:&quot;no&quot;,&quot;light_skin&quot;:&quot;no&quot;,&quot;appear_animation&quot;:&quot;no&quot;,&quot;pagination_type&quot;:&quot;no-pagination&quot;,&quot;object_class_name&quot;:&quot;ThorstenCore_Portfolio_List_Shortcode&quot;,&quot;taxonomy_filter&quot;:&quot;portfolio-category&quot;,&quot;additional_query_args&quot;:{&quot;tax_query&quot;:[{&quot;taxonomy&quot;:&quot;portfolio-category&quot;,&quot;field&quot;:&quot;slug&quot;,&quot;terms&quot;:&quot;Google&quot;}]},&quot;unique&quot;:372,&quot;space_value&quot;:15}\">\n\t\t<div class=\"qodef-grid-inner clear\">\n\t\t<article class=\"qodef-e qodef-grid-item qodef-item--full post-16460 portfolio-item type-portfolio-item status-publish hentry portfolio-category-data-and-machine-learning-google portfolio-category-google\">\n\t<div class=\"qodef-e-inner\" >\n\t\t<div class=\"qodef-e-image\">\n\t\t\t\t\t<\/div>\n\t\t<div class=\"qodef-e-content\" >\n\t\t\t\t<div class=\"qodef-e-info-category\">\n\t\t\t\t\t<a itemprop=\"url\" class=\"qodef-e-category\" href=\"https:\/\/proskillsturkiye.com\/tr\/portfolio-category\/data-and-machine-learning-google\/\">\n\t\t\t\tVeri ve Makine \u00d6\u011frenimi google\t\t\t<\/a>\n\t\t\t\t\t<a itemprop=\"url\" class=\"qodef-e-category\" href=\"https:\/\/proskillsturkiye.com\/tr\/portfolio-category\/google\/\">\n\t\t\t\tGoogle\t\t\t<\/a>\n\t\t\t<\/div>\n\t\t\t<h4 itemprop=\"name\" class=\"qodef-e-title entry-title\" >\n\t<a itemprop=\"url\" class=\"qodef-e-title-link\" href=\"https:\/\/proskillsturkiye.com\/tr\/portfolio-item\/data-engineering-on-google-cloud-platform\/\">\n\t\tGoogle Cloud Platform&#039;da Veri M\u00fchendisli\u011fi\t<\/a>\n<\/h4>\n\t\t<\/div>\n\t<\/div>\n<\/article>\n<article class=\"qodef-e qodef-grid-item qodef-item--full post-16461 portfolio-item type-portfolio-item status-publish hentry portfolio-category-data-and-machine-learning-google portfolio-category-google\">\n\t<div class=\"qodef-e-inner\" >\n\t\t<div class=\"qodef-e-image\">\n\t\t\t\t\t<\/div>\n\t\t<div class=\"qodef-e-content\" >\n\t\t\t\t<div class=\"qodef-e-info-category\">\n\t\t\t\t\t<a itemprop=\"url\" class=\"qodef-e-category\" href=\"https:\/\/proskillsturkiye.com\/tr\/portfolio-category\/data-and-machine-learning-google\/\">\n\t\t\t\tVeri ve Makine \u00d6\u011frenimi google\t\t\t<\/a>\n\t\t\t\t\t<a itemprop=\"url\" class=\"qodef-e-category\" href=\"https:\/\/proskillsturkiye.com\/tr\/portfolio-category\/google\/\">\n\t\t\t\tGoogle\t\t\t<\/a>\n\t\t\t<\/div>\n\t\t\t<h4 itemprop=\"name\" class=\"qodef-e-title entry-title\" >\n\t<a itemprop=\"url\" class=\"qodef-e-title-link\" href=\"https:\/\/proskillsturkiye.com\/tr\/portfolio-item\/google-cloud-platform-big-data-and-machine-learning-fundamentals\/\">\n\t\tGoogle Cloud Platform B\u00fcy\u00fck Veri ve Makine \u00d6\u011freniminin Temelleri\t<\/a>\n<\/h4>\n\t\t<\/div>\n\t<\/div>\n<\/article>\n<article class=\"qodef-e qodef-grid-item qodef-item--full post-16462 portfolio-item type-portfolio-item status-publish hentry portfolio-category-data-and-machine-learning-google portfolio-category-google\">\n\t<div class=\"qodef-e-inner\" >\n\t\t<div class=\"qodef-e-image\">\n\t\t\t\t\t<\/div>\n\t\t<div class=\"qodef-e-content\" >\n\t\t\t\t<div class=\"qodef-e-info-category\">\n\t\t\t\t\t<a itemprop=\"url\" class=\"qodef-e-category\" href=\"https:\/\/proskillsturkiye.com\/tr\/portfolio-category\/data-and-machine-learning-google\/\">\n\t\t\t\tVeri ve Makine \u00d6\u011frenimi google\t\t\t<\/a>\n\t\t\t\t\t<a itemprop=\"url\" class=\"qodef-e-category\" href=\"https:\/\/proskillsturkiye.com\/tr\/portfolio-category\/google\/\">\n\t\t\t\tGoogle\t\t\t<\/a>\n\t\t\t<\/div>\n\t\t\t<h4 itemprop=\"name\" class=\"qodef-e-title entry-title\" >\n\t<a itemprop=\"url\" class=\"qodef-e-title-link\" href=\"https:\/\/proskillsturkiye.com\/tr\/portfolio-item\/machine-learning-on-google-cloud-platform\/\">\n\t\tGoogle Cloud Platform&#039;da Makine \u00d6\u011frenimi\t<\/a>\n<\/h4>\n\t\t<\/div>\n\t<\/div>\n<\/article>\n<article class=\"qodef-e qodef-grid-item qodef-item--full post-16466 portfolio-item type-portfolio-item status-publish hentry portfolio-category-google portfolio-category-webinar-google-2\">\n\t<div class=\"qodef-e-inner\" >\n\t\t<div class=\"qodef-e-image\">\n\t\t\t\t\t<\/div>\n\t\t<div class=\"qodef-e-content\" >\n\t\t\t\t<div class=\"qodef-e-info-category\">\n\t\t\t\t\t<a itemprop=\"url\" class=\"qodef-e-category\" href=\"https:\/\/proskillsturkiye.com\/tr\/portfolio-category\/google\/\">\n\t\t\t\tGoogle\t\t\t<\/a>\n\t\t\t\t\t<a itemprop=\"url\" class=\"qodef-e-category\" href=\"https:\/\/proskillsturkiye.com\/tr\/portfolio-category\/webinar-google-2\/\">\n\t\t\t\tweb semineri google\t\t\t<\/a>\n\t\t\t<\/div>\n\t\t\t<h4 itemprop=\"name\" class=\"qodef-e-title entry-title\" >\n\t<a itemprop=\"url\" class=\"qodef-e-title-link\" href=\"https:\/\/proskillsturkiye.com\/tr\/portfolio-item\/google-cloud-platform-fundamentals-core-infrastructure-webinar\/\">\n\t\tGoogle Cloud Platform Temelleri: Temel Altyap\u0131 Web Semineri\t<\/a>\n<\/h4>\n\t\t<\/div>\n\t<\/div>\n<\/article>\n<article class=\"qodef-e qodef-grid-item qodef-item--full post-16467 portfolio-item type-portfolio-item status-publish hentry portfolio-category-google portfolio-category-webinar-google-2\">\n\t<div class=\"qodef-e-inner\" >\n\t\t<div class=\"qodef-e-image\">\n\t\t\t\t\t<\/div>\n\t\t<div class=\"qodef-e-content\" >\n\t\t\t\t<div class=\"qodef-e-info-category\">\n\t\t\t\t\t<a itemprop=\"url\" class=\"qodef-e-category\" href=\"https:\/\/proskillsturkiye.com\/tr\/portfolio-category\/google\/\">\n\t\t\t\tGoogle\t\t\t<\/a>\n\t\t\t\t\t<a itemprop=\"url\" class=\"qodef-e-category\" href=\"https:\/\/proskillsturkiye.com\/tr\/portfolio-category\/webinar-google-2\/\">\n\t\t\t\tweb semineri google\t\t\t<\/a>\n\t\t\t<\/div>\n\t\t\t<h4 itemprop=\"name\" class=\"qodef-e-title entry-title\" >\n\t<a itemprop=\"url\" class=\"qodef-e-title-link\" href=\"https:\/\/proskillsturkiye.com\/tr\/portfolio-item\/google-cloud-bigdata-and-ml-hands-on-webinar\/\">\n\t\tGoogle Cloud BigData ve ML Uygulamal\u0131 Web Semineri\t<\/a>\n<\/h4>\n\t\t<\/div>\n\t<\/div>\n<\/article>\n<article class=\"qodef-e qodef-grid-item qodef-item--full post-16470 portfolio-item type-portfolio-item status-publish hentry portfolio-category-google portfolio-category-your-gateway-to-google-cloud-platform\">\n\t<div class=\"qodef-e-inner\" >\n\t\t<div class=\"qodef-e-image\">\n\t\t\t\t\t<\/div>\n\t\t<div class=\"qodef-e-content\" >\n\t\t\t\t<div class=\"qodef-e-info-category\">\n\t\t\t\t\t<a itemprop=\"url\" class=\"qodef-e-category\" href=\"https:\/\/proskillsturkiye.com\/tr\/portfolio-category\/google\/\">\n\t\t\t\tGoogle\t\t\t<\/a>\n\t\t\t\t\t<a itemprop=\"url\" class=\"qodef-e-category\" href=\"https:\/\/proskillsturkiye.com\/tr\/portfolio-category\/your-gateway-to-google-cloud-platform\/\">\n\t\t\t\tGoogle Cloud Platform&#039;a A\u00e7\u0131lan A\u011f Ge\u00e7idiniz\t\t\t<\/a>\n\t\t\t<\/div>\n\t\t\t<h4 itemprop=\"name\" class=\"qodef-e-title entry-title\" >\n\t<a itemprop=\"url\" class=\"qodef-e-title-link\" href=\"https:\/\/proskillsturkiye.com\/tr\/portfolio-item\/google-cloud-g-suite-administrator\/\">\n\t\tGoogle Cloud: G Suite Y\u00f6neticisi\t<\/a>\n<\/h4>\n\t\t<\/div>\n\t<\/div>\n<\/article>\n<article class=\"qodef-e qodef-grid-item qodef-item--full post-16473 portfolio-item type-portfolio-item status-publish hentry portfolio-category-google portfolio-category-your-gateway-to-google-cloud-platform\">\n\t<div class=\"qodef-e-inner\" >\n\t\t<div class=\"qodef-e-image\">\n\t\t\t\t\t<\/div>\n\t\t<div class=\"qodef-e-content\" >\n\t\t\t\t<div class=\"qodef-e-info-category\">\n\t\t\t\t\t<a itemprop=\"url\" class=\"qodef-e-category\" href=\"https:\/\/proskillsturkiye.com\/tr\/portfolio-category\/google\/\">\n\t\t\t\tGoogle\t\t\t<\/a>\n\t\t\t\t\t<a itemprop=\"url\" class=\"qodef-e-category\" href=\"https:\/\/proskillsturkiye.com\/tr\/portfolio-category\/your-gateway-to-google-cloud-platform\/\">\n\t\t\t\tGoogle Cloud Platform&#039;a A\u00e7\u0131lan A\u011f Ge\u00e7idiniz\t\t\t<\/a>\n\t\t\t<\/div>\n\t\t\t<h4 itemprop=\"name\" class=\"qodef-e-title entry-title\" >\n\t<a itemprop=\"url\" class=\"qodef-e-title-link\" href=\"https:\/\/proskillsturkiye.com\/tr\/portfolio-item\/using-google-g-suite\/\">\n\t\tGoogle G Suite&#039;i kullanma\t<\/a>\n<\/h4>\n\t\t<\/div>\n\t<\/div>\n<\/article>\n<article class=\"qodef-e qodef-grid-item qodef-item--full post-16474 portfolio-item type-portfolio-item status-publish hentry portfolio-category-google portfolio-category-your-gateway-to-google-cloud-platform\">\n\t<div class=\"qodef-e-inner\" >\n\t\t<div class=\"qodef-e-image\">\n\t\t\t\t\t<\/div>\n\t\t<div class=\"qodef-e-content\" >\n\t\t\t\t<div class=\"qodef-e-info-category\">\n\t\t\t\t\t<a itemprop=\"url\" class=\"qodef-e-category\" href=\"https:\/\/proskillsturkiye.com\/tr\/portfolio-category\/google\/\">\n\t\t\t\tGoogle\t\t\t<\/a>\n\t\t\t\t\t<a itemprop=\"url\" class=\"qodef-e-category\" href=\"https:\/\/proskillsturkiye.com\/tr\/portfolio-category\/your-gateway-to-google-cloud-platform\/\">\n\t\t\t\tGoogle Cloud Platform&#039;a A\u00e7\u0131lan A\u011f Ge\u00e7idiniz\t\t\t<\/a>\n\t\t\t<\/div>\n\t\t\t<h4 itemprop=\"name\" class=\"qodef-e-title entry-title\" >\n\t<a itemprop=\"url\" class=\"qodef-e-title-link\" href=\"https:\/\/proskillsturkiye.com\/tr\/portfolio-item\/google-cloud-platform-fundamentals-for-aws-professionals\/\">\n\t\tAWS Uzmanlar\u0131 i\u00e7in Google Cloud Platform Temelleri\t<\/a>\n<\/h4>\n\t\t<\/div>\n\t<\/div>\n<\/article>\n<article class=\"qodef-e qodef-grid-item qodef-item--full post-16458 portfolio-item type-portfolio-item status-publish hentry portfolio-category-data-and-machine-learning-google portfolio-category-google\">\n\t<div class=\"qodef-e-inner\" >\n\t\t<div class=\"qodef-e-image\">\n\t\t\t\t\t<\/div>\n\t\t<div class=\"qodef-e-content\" >\n\t\t\t\t<div class=\"qodef-e-info-category\">\n\t\t\t\t\t<a itemprop=\"url\" class=\"qodef-e-category\" href=\"https:\/\/proskillsturkiye.com\/tr\/portfolio-category\/data-and-machine-learning-google\/\">\n\t\t\t\tVeri ve Makine \u00d6\u011frenimi google\t\t\t<\/a>\n\t\t\t\t\t<a itemprop=\"url\" class=\"qodef-e-category\" href=\"https:\/\/proskillsturkiye.com\/tr\/portfolio-category\/google\/\">\n\t\t\t\tGoogle\t\t\t<\/a>\n\t\t\t<\/div>\n\t\t\t<h4 itemprop=\"name\" class=\"qodef-e-title entry-title\" >\n\t<a itemprop=\"url\" class=\"qodef-e-title-link\" href=\"https:\/\/proskillsturkiye.com\/tr\/portfolio-item\/from-data-to-insights-with-google-cloud-platform\/\">\n\t\tGoogle Cloud Platform ile Verilerden Analizlere\t<\/a>\n<\/h4>\n\t\t<\/div>\n\t<\/div>\n<\/article>\n<article class=\"qodef-e qodef-grid-item qodef-item--full post-16441 portfolio-item type-portfolio-item status-publish hentry portfolio-category-analytics-google-2 portfolio-category-google\">\n\t<div class=\"qodef-e-inner\" >\n\t\t<div class=\"qodef-e-image\">\n\t\t\t\t\t<\/div>\n\t\t<div class=\"qodef-e-content\" >\n\t\t\t\t<div class=\"qodef-e-info-category\">\n\t\t\t\t\t<a itemprop=\"url\" class=\"qodef-e-category\" href=\"https:\/\/proskillsturkiye.com\/tr\/portfolio-category\/analytics-google-2\/\">\n\t\t\t\tGoogle Analytics\t\t\t<\/a>\n\t\t\t\t\t<a itemprop=\"url\" class=\"qodef-e-category\" href=\"https:\/\/proskillsturkiye.com\/tr\/portfolio-category\/google\/\">\n\t\t\t\tGoogle\t\t\t<\/a>\n\t\t\t<\/div>\n\t\t\t<h4 itemprop=\"name\" class=\"qodef-e-title entry-title\" >\n\t<a itemprop=\"url\" class=\"qodef-e-title-link\" href=\"https:\/\/proskillsturkiye.com\/tr\/portfolio-item\/introduction-to-google-ads\/\">\n\t\tGoogle Ads&#039;e Giri\u015f\t<\/a>\n<\/h4>\n\t\t<\/div>\n\t<\/div>\n<\/article>\n<article class=\"qodef-e qodef-grid-item qodef-item--full post-16442 portfolio-item type-portfolio-item status-publish hentry portfolio-category-analytics-google-2 portfolio-category-google\">\n\t<div class=\"qodef-e-inner\" >\n\t\t<div class=\"qodef-e-image\">\n\t\t\t\t\t<\/div>\n\t\t<div class=\"qodef-e-content\" >\n\t\t\t\t<div class=\"qodef-e-info-category\">\n\t\t\t\t\t<a itemprop=\"url\" class=\"qodef-e-category\" href=\"https:\/\/proskillsturkiye.com\/tr\/portfolio-category\/analytics-google-2\/\">\n\t\t\t\tGoogle Analytics\t\t\t<\/a>\n\t\t\t\t\t<a itemprop=\"url\" class=\"qodef-e-category\" href=\"https:\/\/proskillsturkiye.com\/tr\/portfolio-category\/google\/\">\n\t\t\t\tGoogle\t\t\t<\/a>\n\t\t\t<\/div>\n\t\t\t<h4 itemprop=\"name\" class=\"qodef-e-title entry-title\" >\n\t<a itemprop=\"url\" class=\"qodef-e-title-link\" href=\"https:\/\/proskillsturkiye.com\/tr\/portfolio-item\/introduction-to-google-analytics\/\">\n\t\tGoogle Analytics&#039;e Giri\u015f\t<\/a>\n<\/h4>\n\t\t<\/div>\n\t<\/div>\n<\/article>\n<article class=\"qodef-e qodef-grid-item qodef-item--full post-16444 portfolio-item type-portfolio-item status-publish hentry portfolio-category-application-development-google-2 portfolio-category-google\">\n\t<div class=\"qodef-e-inner\" >\n\t\t<div class=\"qodef-e-image\">\n\t\t\t\t\t<\/div>\n\t\t<div class=\"qodef-e-content\" >\n\t\t\t\t<div class=\"qodef-e-info-category\">\n\t\t\t\t\t<a itemprop=\"url\" class=\"qodef-e-category\" href=\"https:\/\/proskillsturkiye.com\/tr\/portfolio-category\/application-development-google-2\/\">\n\t\t\t\tUygulama Geli\u015ftirme google\t\t\t<\/a>\n\t\t\t\t\t<a itemprop=\"url\" class=\"qodef-e-category\" href=\"https:\/\/proskillsturkiye.com\/tr\/portfolio-category\/google\/\">\n\t\t\t\tGoogle\t\t\t<\/a>\n\t\t\t<\/div>\n\t\t\t<h4 itemprop=\"name\" class=\"qodef-e-title entry-title\" >\n\t<a itemprop=\"url\" class=\"qodef-e-title-link\" href=\"https:\/\/proskillsturkiye.com\/tr\/portfolio-item\/developing-apis-with-google-clouds-apigee-api-platform\/\">\n\t\tGoogle Cloud&#039;un Apigee API Platformu ile API Geli\u015ftirme\t<\/a>\n<\/h4>\n\t\t<\/div>\n\t<\/div>\n<\/article>\n\t<\/div>\n\t<\/div>\n\t\t<\/div>\n\t\t\t\t<\/div>\n\t\t\t\t\t<\/div>\n\t\t<\/div>\n\t\t\t\t\t\t\t<\/div>\n\t\t<\/section>\n\t\t\t\t\t\t\t<\/div>","protected":false},"excerpt":{"rendered":"<p>Data and Machine Learning google Google Data Engineering on Google Cloud Platform Data and Machine Learning google Google Google Cloud Platform Big Data and Machine Learning Fundamentals Data and Machine Learning google Google Machine Learning on Google Cloud Platform Google Webinar google Google Cloud Platform Fundamentals: Core Infrastructure Webinar Google Webinar google Google Cloud BigData [&hellip;]<\/p>","protected":false},"author":1,"featured_media":0,"parent":0,"menu_order":0,"comment_status":"closed","ping_status":"closed","template":"","meta":{"footnotes":""},"_links":{"self":[{"href":"https:\/\/proskillsturkiye.com\/tr\/wp-json\/wp\/v2\/pages\/17061"}],"collection":[{"href":"https:\/\/proskillsturkiye.com\/tr\/wp-json\/wp\/v2\/pages"}],"about":[{"href":"https:\/\/proskillsturkiye.com\/tr\/wp-json\/wp\/v2\/types\/page"}],"author":[{"embeddable":true,"href":"https:\/\/proskillsturkiye.com\/tr\/wp-json\/wp\/v2\/users\/1"}],"replies":[{"embeddable":true,"href":"https:\/\/proskillsturkiye.com\/tr\/wp-json\/wp\/v2\/comments?post=17061"}],"version-history":[{"count":6,"href":"https:\/\/proskillsturkiye.com\/tr\/wp-json\/wp\/v2\/pages\/17061\/revisions"}],"predecessor-version":[{"id":17247,"href":"https:\/\/proskillsturkiye.com\/tr\/wp-json\/wp\/v2\/pages\/17061\/revisions\/17247"}],"wp:attachment":[{"href":"https:\/\/proskillsturkiye.com\/tr\/wp-json\/wp\/v2\/media?parent=17061"}],"curies":[{"name":"wp","href":"https:\/\/api.w.org\/{rel}","templated":true}]}}